{"id":1787,"date":"2026-01-29T10:18:36","date_gmt":"2026-01-29T09:18:36","guid":{"rendered":"https:\/\/pdf.difforvert.com\/?page_id=1787"},"modified":"2026-02-09T08:54:40","modified_gmt":"2026-02-09T07:54:40","slug":"comite-social-et-economique","status":"publish","type":"page","link":"https:\/\/pdf.difforvert.com\/index.php\/comite-social-et-economique\/","title":{"rendered":"Comit\u00e9 social et \u00e9conomique"},"content":{"rendered":"\n<div class=\"wp-block-cover\" style=\"min-height:430px;aspect-ratio:unset;\"><span aria-hidden=\"true\" class=\"wp-block-cover__background has-neve-link-hover-color-background-color has-background-dim-80 has-background-dim\"><\/span><img loading=\"lazy\" decoding=\"async\" width=\"2560\" height=\"1707\" class=\"wp-block-cover__image-background wp-image-1788\" alt=\"\" src=\"https:\/\/pdf.difforvert.com\/wp-content\/uploads\/2026\/01\/pexels-fauxels-3184360-scaled.jpg\" style=\"object-position:48% 60%\" data-object-fit=\"cover\" data-object-position=\"48% 60%\" srcset=\"https:\/\/pdf.difforvert.com\/wp-content\/uploads\/2026\/01\/pexels-fauxels-3184360-scaled.jpg 2560w, https:\/\/pdf.difforvert.com\/wp-content\/uploads\/2026\/01\/pexels-fauxels-3184360-300x200.jpg 300w, https:\/\/pdf.difforvert.com\/wp-content\/uploads\/2026\/01\/pexels-fauxels-3184360-1024x683.jpg 1024w, https:\/\/pdf.difforvert.com\/wp-content\/uploads\/2026\/01\/pexels-fauxels-3184360-768x512.jpg 768w, https:\/\/pdf.difforvert.com\/wp-content\/uploads\/2026\/01\/pexels-fauxels-3184360-1536x1024.jpg 1536w, https:\/\/pdf.difforvert.com\/wp-content\/uploads\/2026\/01\/pexels-fauxels-3184360-2048x1365.jpg 2048w, https:\/\/pdf.difforvert.com\/wp-content\/uploads\/2026\/01\/pexels-fauxels-3184360-930x620.jpg 930w\" sizes=\"(max-width: 2560px) 100vw, 2560px\" \/><div class=\"wp-block-cover__inner-container is-layout-constrained wp-block-cover-is-layout-constrained\"><div class=\"wp-block-image\">\n<figure class=\"aligncenter size-full is-resized\"><img loading=\"lazy\" decoding=\"async\" width=\"729\" height=\"508\" src=\"https:\/\/pdf.difforvert.com\/wp-content\/uploads\/2026\/02\/Logo-CSE-VF-2.png\" alt=\"\" class=\"wp-image-1889\" style=\"width:276px;height:auto\" srcset=\"https:\/\/pdf.difforvert.com\/wp-content\/uploads\/2026\/02\/Logo-CSE-VF-2.png 729w, https:\/\/pdf.difforvert.com\/wp-content\/uploads\/2026\/02\/Logo-CSE-VF-2-300x209.png 300w\" sizes=\"(max-width: 729px) 100vw, 729px\" \/><\/figure><\/div><\/div><\/div>\n\n\n\n<div style=\"height:20px\" aria-hidden=\"true\" class=\"wp-block-spacer\"><\/div>\n\n\n\n<h2 class=\"wp-block-heading has-nv-c-2-color has-text-color has-link-color wp-elements-b5e80f41ab25251c8a0b467af14e4d4d\"><strong>Quelques mots sur le CSE&#8230;<\/strong><\/h2>\n\n\n\n<p><strong>Le Comit\u00e9 Social et \u00c9conomique (CSE)<\/strong> repr\u00e9sente les salari\u00e9s et contribue activement \u00e0 la qualit\u00e9 de vie au travail.<br>Il intervient \u00e0 la fois dans le <strong>d\u00e9veloppement des activit\u00e9s sociales et culturelles<\/strong>, visant \u00e0 am\u00e9liorer le bien-\u00eatre des collaborateurs, et dans la <strong>pr\u00e9vention des risques professionnels<\/strong>, en veillant \u00e0 la sant\u00e9, \u00e0 la s\u00e9curit\u00e9 et aux conditions de travail au sein de l\u2019entreprise.<br>Le CSE est un <strong>acteur cl\u00e9 du dialogue social<\/strong>, au service des salari\u00e9s et du bon fonctionnement de l\u2019entreprise.<\/p>\n\n\n\n<h2 class=\"wp-block-heading has-nv-c-2-color has-text-color has-link-color has-large-font-size wp-elements-2eaac516007c51a15f2f7722636a185f\"><strong>Billetterie<\/strong> (R\u00e9serv\u00e9s au collaborateurs en contrat)<\/h2>\n\n\n\n<div class=\"wp-block-columns is-layout-flex wp-container-core-columns-is-layout-1 wp-block-columns-is-layout-flex\">\n<div class=\"wp-block-column is-layout-flow wp-block-column-is-layout-flow\">\n<figure class=\"wp-block-image size-large\"><img loading=\"lazy\" decoding=\"async\" width=\"1024\" height=\"703\" src=\"https:\/\/pdf.difforvert.com\/wp-content\/uploads\/2026\/01\/BOWLING-1024x703.jpg\" alt=\"\" class=\"wp-image-1836\" srcset=\"https:\/\/pdf.difforvert.com\/wp-content\/uploads\/2026\/01\/BOWLING-1024x703.jpg 1024w, https:\/\/pdf.difforvert.com\/wp-content\/uploads\/2026\/01\/BOWLING-300x206.jpg 300w, https:\/\/pdf.difforvert.com\/wp-content\/uploads\/2026\/01\/BOWLING-768x527.jpg 768w, https:\/\/pdf.difforvert.com\/wp-content\/uploads\/2026\/01\/BOWLING.jpg 1134w\" sizes=\"(max-width: 1024px) 100vw, 1024px\" \/><\/figure>\n\n\n\n<h3 class=\"wp-block-heading\">Speed Park<\/h3>\n\n\n\n<p>Place de Karting*, Bowling, Laser*, Karaok\u00e9*<br>Retrait au bureau Marketing<\/p>\n\n\n\n<p class=\"has-nv-site-bg-color has-text-color has-background has-link-color wp-elements-1192c1c9f8119b0d897a79022e3983e4\" style=\"background-color:#4f6f5f;padding-top:0;padding-right:var(--wp--preset--spacing--20);padding-bottom:0;padding-left:var(--wp--preset--spacing--20)\"><strong>Tarif : 5.40 \u20ac<\/strong> (*) <br>Paiement Esp\u00e8ces ou Ch\u00e8que<\/p>\n\n\n\n<p><strong>(*) Informations <\/strong>: <br>&#8211; En fonction de l&rsquo;activit\u00e9 un suppl\u00e9ment peut-\u00eatre demand\u00e9 sur place (ex: location de chaussure).<br>&#8211; En fonction de l&rsquo;horaire ou le nombre de ticket CE demand\u00e9 peut varier (exemple le Week-end)<br>&#8211; Activit\u00e9s propos\u00e9es selon l&rsquo;\u00e9quipement du site<br>&#8211; Condition g\u00e9n\u00e9rale sur :<\/p>\n\n\n\n<div class=\"wp-block-buttons is-content-justification-center is-layout-flex wp-container-core-buttons-is-layout-1 wp-block-buttons-is-layout-flex\">\n<div class=\"wp-block-button is-style-default\"><a class=\"wp-block-button__link has-nv-c-2-background-color has-background has-text-align-center wp-element-button\" href=\"http:\/\/www.speedpark.fr\" target=\"_blank\" rel=\"noreferrer noopener\">Speedpark<\/a><\/div>\n<\/div>\n\n\n\n<div style=\"height:9px\" aria-hidden=\"true\" class=\"wp-block-spacer\"><\/div>\n\n\n\n<p><em><strong>Valable \u00e0<\/strong> Compi\u00e8gne \/ Beauvais \/ Bretigny-sur-Orge \/ Chambly \/ Claye-Souilly \/ Conflans-St-Honorine \/ H\u00e9nin-Beaumont \/ Montigny-le-Bretonneux \/ Servon \/ Strasbourg . Torcy \/ Tourcoing + Bowlingworld Arras<\/em><\/p>\n<\/div>\n\n\n\n<div class=\"wp-block-column is-layout-flow wp-block-column-is-layout-flow\">\n<figure class=\"wp-block-image size-large\"><img loading=\"lazy\" decoding=\"async\" width=\"1024\" height=\"703\" src=\"https:\/\/pdf.difforvert.com\/wp-content\/uploads\/2026\/01\/CINEMA-1024x703.jpg\" alt=\"\" class=\"wp-image-1837\" srcset=\"https:\/\/pdf.difforvert.com\/wp-content\/uploads\/2026\/01\/CINEMA-1024x703.jpg 1024w, https:\/\/pdf.difforvert.com\/wp-content\/uploads\/2026\/01\/CINEMA-300x206.jpg 300w, https:\/\/pdf.difforvert.com\/wp-content\/uploads\/2026\/01\/CINEMA-768x527.jpg 768w, https:\/\/pdf.difforvert.com\/wp-content\/uploads\/2026\/01\/CINEMA.jpg 1134w\" sizes=\"(max-width: 1024px) 100vw, 1024px\" \/><\/figure>\n\n\n\n<h3 class=\"wp-block-heading\">Cin\u00e9ma Compi\u00e8gne<\/h3>\n\n\n\n<p>Cin\u00e9ma Majestic Compi\u00e8gne<br>Retrait au bureau Marketing<\/p>\n\n\n\n<p class=\"has-nv-site-bg-color has-text-color has-background has-link-color wp-elements-bb576fb3819932076ebd0f2b91fd8448\" style=\"background-color:#4f6f5f;padding-top:0;padding-right:var(--wp--preset--spacing--20);padding-bottom:0;padding-left:var(--wp--preset--spacing--20)\"><strong>Tarif : 5.90 \u20ac<\/strong>* <br>Paiement Esp\u00e8ces ou Ch\u00e8que<\/p>\n\n\n\n<p><strong>(*) Informations :<\/strong> <br>&#8211; En fonction du type de salle (3D, salle ICE&#8230;) des suppl\u00e9ments peuvent \u00eatre appliqu\u00e9s. Se rapprocher du cin\u00e9ma.<br>&#8211; Consultez les films \u00e0 l&rsquo;affiche :<br><br><\/p>\n\n\n\n<div class=\"wp-block-buttons is-content-justification-center is-layout-flex wp-container-core-buttons-is-layout-2 wp-block-buttons-is-layout-flex\">\n<div class=\"wp-block-button\"><a class=\"wp-block-button__link has-nv-c-2-background-color has-background has-text-align-center wp-element-button\" href=\"https:\/\/www.majestic-compiegne.fr\/FR\/42\/les-films-majestic-compiegne-jaux.html\" target=\"_blank\" rel=\"noreferrer noopener\">Majestic Compi\u00e8gne<\/a><\/div>\n<\/div>\n<\/div>\n\n\n\n<div class=\"wp-block-column is-layout-flow wp-block-column-is-layout-flow\">\n<figure class=\"wp-block-image size-large\"><img loading=\"lazy\" decoding=\"async\" width=\"1024\" height=\"703\" src=\"https:\/\/pdf.difforvert.com\/wp-content\/uploads\/2026\/01\/PARC-1024x703.jpg\" alt=\"\" class=\"wp-image-1838\" srcset=\"https:\/\/pdf.difforvert.com\/wp-content\/uploads\/2026\/01\/PARC-1024x703.jpg 1024w, https:\/\/pdf.difforvert.com\/wp-content\/uploads\/2026\/01\/PARC-300x206.jpg 300w, https:\/\/pdf.difforvert.com\/wp-content\/uploads\/2026\/01\/PARC-768x527.jpg 768w, https:\/\/pdf.difforvert.com\/wp-content\/uploads\/2026\/01\/PARC.jpg 1134w\" sizes=\"(max-width: 1024px) 100vw, 1024px\" \/><\/figure>\n\n\n\n<h3 class=\"wp-block-heading\"> Parc d&rsquo;attraction<\/h3>\n\n\n\n<p>Disneyland Paris, Parc Ast\u00e9rix, Futuroscope&#8230;<br>Retrait au bureau Marketing<\/p>\n\n\n\n<p class=\"has-nv-site-bg-color has-text-color has-background has-link-color wp-elements-149f1b0c2859b724af72be2f78d5401f\" style=\"background-color:#4f6f5f;padding-top:0;padding-right:var(--wp--preset--spacing--20);padding-bottom:0;padding-left:var(--wp--preset--spacing--20)\"><strong>Tarif : \u00e0 partir de 45 \u20ac<\/strong> <strong>renseignements par t\u00e9l\u00e9phone<\/strong> <strong>ou au bureau<\/strong><br>Paiement CB ou esp\u00e8ces<\/p>\n\n\n\n<p><strong>Informations :<\/strong> <br>Les possibilit\u00e9s des tarifs sur les sites partenaires sont multiples (Billets dat\u00e9s, non dat\u00e9s, \u00e9co, 2 jours\u2026) Renseignement sur place ou par t\u00e9l\u00e9phone pour les itin\u00e9rants.<\/p>\n<\/div>\n<\/div>\n\n\n\n<h2 class=\"wp-block-heading has-nv-c-2-color has-text-color has-link-color wp-elements-ea73ef5dafaa23e45c9c6363025b032c\"><strong>L&rsquo;\u00e9quipe<\/strong><\/h2>\n\n\n\n<h3 class=\"wp-block-heading\">Les d\u00e9l\u00e9gu\u00e9s titulaires<\/h3>\n\n\n\n<div style=\"height:20px\" aria-hidden=\"true\" class=\"wp-block-spacer\"><\/div>\n\n\n\n<div class=\"wp-block-columns is-layout-flex wp-container-core-columns-is-layout-2 wp-block-columns-is-layout-flex\">\n<div class=\"wp-block-column is-layout-flow wp-block-column-is-layout-flow\"><div class=\"wp-block-image is-style-rounded\">\n<figure class=\"aligncenter size-full is-resized\"><img loading=\"lazy\" decoding=\"async\" width=\"591\" height=\"886\" src=\"https:\/\/pdf.difforvert.com\/wp-content\/uploads\/2026\/01\/CLEP-Carole.jpg\" alt=\"\" class=\"wp-image-1817\" style=\"width:152px;height:auto\" srcset=\"https:\/\/pdf.difforvert.com\/wp-content\/uploads\/2026\/01\/CLEP-Carole.jpg 591w, https:\/\/pdf.difforvert.com\/wp-content\/uploads\/2026\/01\/CLEP-Carole-200x300.jpg 200w\" sizes=\"(max-width: 591px) 100vw, 591px\" \/><\/figure><\/div>\n\n\n<p class=\"has-text-align-center\"><strong>Carole Clep<br><\/strong><em>Tr\u00e9sori\u00e8res<\/em><\/p>\n<\/div>\n\n\n\n<div class=\"wp-block-column is-layout-flow wp-block-column-is-layout-flow\"><div class=\"wp-block-image is-style-rounded\">\n<figure class=\"aligncenter size-full is-resized\"><img loading=\"lazy\" decoding=\"async\" width=\"591\" height=\"886\" src=\"https:\/\/pdf.difforvert.com\/wp-content\/uploads\/2026\/01\/FOIX-Laura.jpg\" alt=\"\" class=\"wp-image-1818\" style=\"width:152px\" srcset=\"https:\/\/pdf.difforvert.com\/wp-content\/uploads\/2026\/01\/FOIX-Laura.jpg 591w, https:\/\/pdf.difforvert.com\/wp-content\/uploads\/2026\/01\/FOIX-Laura-200x300.jpg 200w\" sizes=\"(max-width: 591px) 100vw, 591px\" \/><\/figure><\/div>\n\n\n<p class=\"has-text-align-center\"><strong>Laura Foix<\/strong><\/p>\n<\/div>\n\n\n\n<div class=\"wp-block-column is-layout-flow wp-block-column-is-layout-flow\"><div class=\"wp-block-image is-style-rounded\">\n<figure class=\"aligncenter size-full is-resized\"><img loading=\"lazy\" decoding=\"async\" width=\"591\" height=\"886\" src=\"https:\/\/pdf.difforvert.com\/wp-content\/uploads\/2026\/01\/MARTINEZ-Nathalie.jpg\" alt=\"\" class=\"wp-image-1819\" style=\"width:152px\" srcset=\"https:\/\/pdf.difforvert.com\/wp-content\/uploads\/2026\/01\/MARTINEZ-Nathalie.jpg 591w, https:\/\/pdf.difforvert.com\/wp-content\/uploads\/2026\/01\/MARTINEZ-Nathalie-200x300.jpg 200w\" sizes=\"(max-width: 591px) 100vw, 591px\" \/><\/figure><\/div>\n\n\n<p class=\"has-text-align-center\"><strong>Nathalie Martinez<br><\/strong><em>Tr\u00e9sori\u00e8re adjointe<\/em><\/p>\n<\/div>\n<\/div>\n\n\n\n<div class=\"wp-block-columns is-layout-flex wp-container-core-columns-is-layout-3 wp-block-columns-is-layout-flex\">\n<div class=\"wp-block-column is-layout-flow wp-block-column-is-layout-flow\"><div class=\"wp-block-image is-style-rounded\">\n<figure class=\"aligncenter size-full is-resized has-custom-border\"><img loading=\"lazy\" decoding=\"async\" width=\"591\" height=\"886\" src=\"https:\/\/pdf.difforvert.com\/wp-content\/uploads\/2026\/01\/Melodie.jpg\" alt=\"\" class=\"wp-image-1820\" style=\"border-style:none;border-width:0px;width:152px\" srcset=\"https:\/\/pdf.difforvert.com\/wp-content\/uploads\/2026\/01\/Melodie.jpg 591w, https:\/\/pdf.difforvert.com\/wp-content\/uploads\/2026\/01\/Melodie-200x300.jpg 200w\" sizes=\"(max-width: 591px) 100vw, 591px\" \/><\/figure><\/div>\n\n\n<p class=\"has-text-align-center\"><strong>M\u00e9lodie Mortreux<br><\/strong><em>R\u00e9f\u00e9rente s\u00e9curit\u00e9<\/em><\/p>\n<\/div>\n\n\n\n<div class=\"wp-block-column is-layout-flow wp-block-column-is-layout-flow\"><div class=\"wp-block-image is-style-rounded\">\n<figure class=\"aligncenter size-full is-resized\"><img loading=\"lazy\" decoding=\"async\" width=\"591\" height=\"886\" src=\"https:\/\/pdf.difforvert.com\/wp-content\/uploads\/2026\/01\/NICOLAS-Mathilde-3.jpg\" alt=\"\" class=\"wp-image-1809\" style=\"width:152px\" srcset=\"https:\/\/pdf.difforvert.com\/wp-content\/uploads\/2026\/01\/NICOLAS-Mathilde-3.jpg 591w, https:\/\/pdf.difforvert.com\/wp-content\/uploads\/2026\/01\/NICOLAS-Mathilde-3-200x300.jpg 200w\" sizes=\"(max-width: 591px) 100vw, 591px\" \/><\/figure><\/div>\n\n\n<p class=\"has-text-align-center\"><strong>Mathilde Nicolas<br><\/strong><em>Secr\u00e9taire<\/em><\/p>\n<\/div>\n\n\n\n<div class=\"wp-block-column is-layout-flow wp-block-column-is-layout-flow\"><div class=\"wp-block-image is-style-rounded\">\n<figure class=\"aligncenter size-full is-resized\"><img loading=\"lazy\" decoding=\"async\" width=\"591\" height=\"886\" src=\"https:\/\/pdf.difforvert.com\/wp-content\/uploads\/2026\/01\/Chloe-VALENTINO.jpg\" alt=\"\" class=\"wp-image-1821\" style=\"width:152px\" srcset=\"https:\/\/pdf.difforvert.com\/wp-content\/uploads\/2026\/01\/Chloe-VALENTINO.jpg 591w, https:\/\/pdf.difforvert.com\/wp-content\/uploads\/2026\/01\/Chloe-VALENTINO-200x300.jpg 200w\" sizes=\"(max-width: 591px) 100vw, 591px\" \/><\/figure><\/div>\n\n\n<p class=\"has-text-align-center\"><strong>Chlo\u00e9 Valentino<\/strong><\/p>\n<\/div>\n<\/div>\n\n\n\n<h3 class=\"wp-block-heading\">Les d\u00e9l\u00e9gu\u00e9s suppl\u00e9ants<\/h3>\n\n\n\n<div style=\"height:20px\" aria-hidden=\"true\" class=\"wp-block-spacer\"><\/div>\n\n\n\n<div class=\"wp-block-columns is-layout-flex wp-container-core-columns-is-layout-4 wp-block-columns-is-layout-flex\">\n<div class=\"wp-block-column is-layout-flow wp-block-column-is-layout-flow\"><div class=\"wp-block-image is-style-rounded\">\n<figure class=\"aligncenter size-full is-resized\"><img loading=\"lazy\" decoding=\"async\" width=\"591\" height=\"886\" src=\"https:\/\/pdf.difforvert.com\/wp-content\/uploads\/2026\/01\/INGHELBRECHT-Vincent.jpg\" alt=\"\" class=\"wp-image-1822\" style=\"width:152px\" srcset=\"https:\/\/pdf.difforvert.com\/wp-content\/uploads\/2026\/01\/INGHELBRECHT-Vincent.jpg 591w, https:\/\/pdf.difforvert.com\/wp-content\/uploads\/2026\/01\/INGHELBRECHT-Vincent-200x300.jpg 200w\" sizes=\"(max-width: 591px) 100vw, 591px\" \/><\/figure><\/div>\n\n\n<p class=\"has-text-align-center\"><strong>Vincent Inghelbrecht<\/strong><\/p>\n<\/div>\n\n\n\n<div class=\"wp-block-column is-layout-flow wp-block-column-is-layout-flow\"><div class=\"wp-block-image is-style-rounded\">\n<figure class=\"aligncenter size-full is-resized\"><img loading=\"lazy\" decoding=\"async\" width=\"591\" height=\"886\" src=\"https:\/\/pdf.difforvert.com\/wp-content\/uploads\/2026\/01\/2I4A8694.jpg\" alt=\"\" class=\"wp-image-1825\" style=\"width:152px\" srcset=\"https:\/\/pdf.difforvert.com\/wp-content\/uploads\/2026\/01\/2I4A8694.jpg 591w, https:\/\/pdf.difforvert.com\/wp-content\/uploads\/2026\/01\/2I4A8694-200x300.jpg 200w\" sizes=\"(max-width: 591px) 100vw, 591px\" \/><\/figure><\/div>\n\n\n<p class=\"has-text-align-center\"><strong>Aur\u00e9lie Lecomte<\/strong><\/p>\n<\/div>\n\n\n\n<div class=\"wp-block-column is-layout-flow wp-block-column-is-layout-flow\"><div class=\"wp-block-image is-style-rounded\">\n<figure class=\"aligncenter size-full is-resized\"><img loading=\"lazy\" decoding=\"async\" width=\"591\" height=\"886\" src=\"https:\/\/pdf.difforvert.com\/wp-content\/uploads\/2026\/01\/RAMILLON-Fabien-1.jpg\" alt=\"\" class=\"wp-image-1824\" style=\"width:152px\" srcset=\"https:\/\/pdf.difforvert.com\/wp-content\/uploads\/2026\/01\/RAMILLON-Fabien-1.jpg 591w, https:\/\/pdf.difforvert.com\/wp-content\/uploads\/2026\/01\/RAMILLON-Fabien-1-200x300.jpg 200w\" sizes=\"(max-width: 591px) 100vw, 591px\" \/><\/figure><\/div>\n\n\n<p class=\"has-text-align-center\"><strong>Fabien Ramillon<\/strong><\/p>\n<\/div>\n<\/div>\n\n\n\n<h2 class=\"wp-block-heading has-nv-c-2-color has-text-color has-link-color wp-elements-6021a54e43b3eb7d0e650f85723d5c15\"><strong>Nos missions<\/strong><\/h2>\n\n\n\n<p>Le <strong>CSE<\/strong> a pour mission de <strong>repr\u00e9senter les salari\u00e9s<\/strong> et de porter leur voix au sein de l\u2019entreprise. Il participe au dialogue social et contribue aux d\u00e9cisions qui ont un impact sur la vie professionnelle, les conditions de travail et l\u2019organisation de l\u2019entreprise.<\/p>\n\n\n\n<p>Au quotidien, le CSE \u0153uvre pour le <strong>bien-\u00eatre des collaborateurs<\/strong> en proposant des <strong>activit\u00e9s sociales et culturelles<\/strong> : billetterie \u00e0 tarifs pr\u00e9f\u00e9rentiels, loisirs, \u00e9v\u00e9nements, aides et avantages pens\u00e9s pour am\u00e9liorer le pouvoir d\u2019achat et la qualit\u00e9 de vie de chacun.<\/p>\n\n\n\n<p>Enfin, le CSE joue un r\u00f4le essentiel dans la <strong>pr\u00e9vention des risques professionnels<\/strong>. Il veille \u00e0 la <strong>sant\u00e9, \u00e0 la s\u00e9curit\u00e9 et aux conditions de travail<\/strong>, en \u00e9tant attentif aux situations \u00e0 risque et en contribuant \u00e0 la mise en place d\u2019actions de pr\u00e9vention au sein de l\u2019entreprise.<\/p>\n","protected":false},"excerpt":{"rendered":"<p>Quelques mots sur le CSE&#8230; Le Comit\u00e9 Social et \u00c9conomique (CSE) repr\u00e9sente les salari\u00e9s et contribue activement \u00e0 la qualit\u00e9 de vie au travail.Il intervient \u00e0 la fois dans le d\u00e9veloppement des activit\u00e9s sociales et culturelles, visant \u00e0 am\u00e9liorer le bien-\u00eatre des collaborateurs, et dans la pr\u00e9vention des risques professionnels, en veillant \u00e0 la sant\u00e9,&hellip;&nbsp;<a href=\"https:\/\/pdf.difforvert.com\/index.php\/comite-social-et-economique\/\" rel=\"bookmark\">Lire la suite &raquo;<span class=\"screen-reader-text\">Comit\u00e9 social et \u00e9conomique<\/span><\/a><\/p>\n","protected":false},"author":3,"featured_media":0,"parent":0,"menu_order":0,"comment_status":"closed","ping_status":"closed","template":"","meta":{"neve_meta_sidebar":"","neve_meta_container":"","neve_meta_enable_content_width":"","neve_meta_content_width":0,"neve_meta_title_alignment":"","neve_meta_author_avatar":"","neve_post_elements_order":"","neve_meta_disable_header":"","neve_meta_disable_footer":"","neve_meta_disable_title":"","footnotes":""},"class_list":["post-1787","page","type-page","status-publish","hentry"],"_links":{"self":[{"href":"https:\/\/pdf.difforvert.com\/index.php\/wp-json\/wp\/v2\/pages\/1787"}],"collection":[{"href":"https:\/\/pdf.difforvert.com\/index.php\/wp-json\/wp\/v2\/pages"}],"about":[{"href":"https:\/\/pdf.difforvert.com\/index.php\/wp-json\/wp\/v2\/types\/page"}],"author":[{"embeddable":true,"href":"https:\/\/pdf.difforvert.com\/index.php\/wp-json\/wp\/v2\/users\/3"}],"replies":[{"embeddable":true,"href":"https:\/\/pdf.difforvert.com\/index.php\/wp-json\/wp\/v2\/comments?post=1787"}],"version-history":[{"count":51,"href":"https:\/\/pdf.difforvert.com\/index.php\/wp-json\/wp\/v2\/pages\/1787\/revisions"}],"predecessor-version":[{"id":1902,"href":"https:\/\/pdf.difforvert.com\/index.php\/wp-json\/wp\/v2\/pages\/1787\/revisions\/1902"}],"wp:attachment":[{"href":"https:\/\/pdf.difforvert.com\/index.php\/wp-json\/wp\/v2\/media?parent=1787"}],"curies":[{"name":"wp","href":"https:\/\/api.w.org\/{rel}","templated":true}]}}